{"id":1170,"date":"2022-01-10T12:40:15","date_gmt":"2022-01-10T16:40:15","guid":{"rendered":"https:\/\/gadpcochapata.gob.ec\/azuay\/?page_id=1170"},"modified":"2023-08-28T12:44:49","modified_gmt":"2023-08-28T16:44:49","slug":"rendicion-de-cuentas-2022","status":"publish","type":"page","link":"https:\/\/gadpcochapata.gob.ec\/azuay\/rendicion-de-cuentas-2022\/","title":{"rendered":"Rendici\u00f3n de Cuentas 2022"},"content":{"rendered":"<p><img loading=\"lazy\" decoding=\"async\" class=\"alignnone size-medium wp-image-1372\" src=\"https:\/\/gadpcochapata.gob.ec\/azuay\/wp-content\/uploads\/2023\/08\/REGISTRO-FOTOGRAFICO-550x550.jpeg\" alt=\"\" width=\"550\" height=\"550\" srcset=\"https:\/\/gadpcochapata.gob.ec\/azuay\/wp-content\/uploads\/2023\/08\/REGISTRO-FOTOGRAFICO-550x550.jpeg 550w, https:\/\/gadpcochapata.gob.ec\/azuay\/wp-content\/uploads\/2023\/08\/REGISTRO-FOTOGRAFICO-1024x1024.jpeg 1024w, https:\/\/gadpcochapata.gob.ec\/azuay\/wp-content\/uploads\/2023\/08\/REGISTRO-FOTOGRAFICO-150x150.jpeg 150w, https:\/\/gadpcochapata.gob.ec\/azuay\/wp-content\/uploads\/2023\/08\/REGISTRO-FOTOGRAFICO-768x768.jpeg 768w, https:\/\/gadpcochapata.gob.ec\/azuay\/wp-content\/uploads\/2023\/08\/REGISTRO-FOTOGRAFICO.jpeg 1280w\" sizes=\"auto, (max-width: 550px) 100vw, 550px\" \/><\/p>\n<h2><strong><em>Ejercicio fiscal 2022<\/em><\/strong><\/h2>\n<p><strong>Responsable:<\/strong>\u00a0Sr. Jos\u00e9 Franklin Morocho Chuni<\/p>\n<p>FORMULARIO DE RENDICI\u00d3N DE CUENTAS<\/p>\n<p><a href=\"https:\/\/gadpcochapata.gob.ec\/azuay\/wp-content\/uploads\/2023\/08\/FORMULARIO.pdf\">FORMULARIO<\/a><\/p>\n<p>Preguntas de la ciudadan\u00eda<\/p>\n<p><a href=\"https:\/\/gadpcochapata.gob.ec\/azuay\/wp-content\/uploads\/2023\/08\/PREGUNTAS-CIUDADANIA.pdf\">PREGUNTAS CIUDADAN\u00cdA<\/a><\/p>\n<p>PRESENTACI\u00d3N<\/p>\n<p><a href=\"https:\/\/gadpcochapata.gob.ec\/azuay\/wp-content\/uploads\/2023\/08\/PRESENTACION-GADPC-2022.pdf\">PRESENTACI\u00d3N GADPC 2022<\/a><\/p>\n<p>REGISTRO DE ASISTENCIA<\/p>\n<p><a href=\"https:\/\/gadpcochapata.gob.ec\/azuay\/wp-content\/uploads\/2023\/08\/REGISTRO-PARTICIPANTES.pdf\">REGISTRO PARTICIPANTES<\/a><\/p>\n<p>REGISTRO FOTOGR\u00c1FICO<\/p>\n<p><a href=\"https:\/\/gadpcochapata.gob.ec\/azuay\/wp-content\/uploads\/2023\/08\/REGISTRO-FOTOGRAFICO.pdf\">REGISTRO FOTOGR\u00c1FICO<\/a><\/p>\n<h1><strong>VOCALES<\/strong><\/h1>\n<h2><strong><em>Presidente del GADPC<\/em><\/strong><\/h2>\n<p><a href=\"https:\/\/gadpcochapata.gob.ec\/azuay\/wp-content\/uploads\/2023\/08\/RENDICION-PERIODO-2022.pdf\">RENDICION PERIODO 2022<\/a><\/p>\n<h2><strong><em>Comisi\u00f3n de Sociales<\/em><\/strong><\/h2>\n<p><strong>Responsable:<\/strong>\u00a0Sra. Nelly Carmen Pati\u00f1o Quezada<\/p>\n<p>Formulario<\/p>\n<p><a href=\"https:\/\/gadpcochapata.gob.ec\/azuay\/wp-content\/uploads\/2023\/08\/FORMULARIO-1.pdf\">FORMULARIO<\/a><\/p>\n<p>PRESENTACI\u00d3N<\/p>\n<p><a href=\"https:\/\/gadpcochapata.gob.ec\/azuay\/wp-content\/uploads\/2023\/08\/PRESENTACION.pdf\">PRESENTACI\u00d3N<\/a><\/p>\n<h2><strong><em>Comisi\u00f3n de\u00a0<\/em><\/strong><strong><em>Turismo y\u00a0<\/em><\/strong><strong><em>Salud<\/em><\/strong><\/h2>\n<p><strong>Responsable:<\/strong>\u00a0Sr. Edgar Marcelo Sanmart\u00edn Quezada<\/p>\n<p>Formulario<\/p>\n<p><a href=\"https:\/\/gadpcochapata.gob.ec\/azuay\/wp-content\/uploads\/2023\/08\/FORMULARIO-3.pdf\">FORMULARIO<\/a><\/p>\n<p>PRESENTACI\u00d3N<\/p>\n<p><a href=\"https:\/\/gadpcochapata.gob.ec\/azuay\/wp-content\/uploads\/2023\/08\/PRESENTACION-1.pdf\">PRESENTACI\u00d3N<\/a><\/p>\n<h2><strong><em>Comisi\u00f3n de Planificaci\u00f3n, Infraestructura y Fiscalizaci\u00f3n<\/em><\/strong><\/h2>\n<p><strong>Responsable:<\/strong>\u00a0Sr. Miguel \u00c1ngel Chuni Ram\u00f3n<\/p>\n<p>Formulario<\/p>\n<p><a href=\"https:\/\/gadpcochapata.gob.ec\/azuay\/wp-content\/uploads\/2023\/08\/FORMULARIO-2.pdf\">FORMULARIO<\/a><\/p>\n<p>PRESENTACI\u00d3N<\/p>\n<p><a href=\"https:\/\/gadpcochapata.gob.ec\/azuay\/wp-content\/uploads\/2023\/08\/PRESENTACION.pptx\">PRESENTACI\u00d3N<\/a><\/p>\n<h2><strong><em>Comisi\u00f3n de Desarrollo Econ\u00f3mico y Ambiente\u00a0<\/em><\/strong><\/h2>\n<p><strong>Responsable:<\/strong>\u00a0Sr. Fredy Rolando Mendieta Chuni<\/p>\n<p>Formulario<\/p>\n<p>INCUMPLE<\/p>\n<p>PRESENTACI\u00d3N<\/p>\n<p><a href=\"https:\/\/gadpcochapata.gob.ec\/azuay\/wp-content\/uploads\/2023\/08\/RENDICION-DE-CUENTAS-DEL-GADPC.pptx\">RENDICI\u00d3N DE CUENTAS DEL GADPC<\/a><\/p>\n","protected":false},"excerpt":{"rendered":"<p>Ejercicio fiscal 2022 Responsable:\u00a0Sr. Jos\u00e9 Franklin Morocho Chuni FORMULARIO DE RENDICI\u00d3N DE CUENTAS FORMULARIO Preguntas de la ciudadan\u00eda PREGUNTAS CIUDADAN\u00cdA PRESENTACI\u00d3N PRESENTACI\u00d3N GADPC 2022 REGISTRO DE ASISTENCIA REGISTRO PARTICIPANTES REGISTRO FOTOGR\u00c1FICO REGISTRO FOTOGR\u00c1FICO VOCALES Presidente del GADPC RENDICION PERIODO 2022 Comisi\u00f3n de Sociales Responsable:\u00a0Sra. Nelly Carmen Pati\u00f1o Quezada Formulario FORMULARIO PRESENTACI\u00d3N PRESENTACI\u00d3N Comisi\u00f3n de\u00a0Turismo y\u00a0Salud [&hellip;]<\/p>\n","protected":false},"author":4,"featured_media":0,"parent":0,"menu_order":0,"comment_status":"closed","ping_status":"closed","template":"","meta":{"footnotes":""},"yst_prominent_words":[217,185,202,237,198,201,200,196,199],"class_list":["post-1170","page","type-page","status-publish","hentry"],"_links":{"self":[{"href":"https:\/\/gadpcochapata.gob.ec\/azuay\/wp-json\/wp\/v2\/pages\/1170","targetHints":{"allow":["GET"]}}],"collection":[{"href":"https:\/\/gadpcochapata.gob.ec\/azuay\/wp-json\/wp\/v2\/pages"}],"about":[{"href":"https:\/\/gadpcochapata.gob.ec\/azuay\/wp-json\/wp\/v2\/types\/page"}],"author":[{"embeddable":true,"href":"https:\/\/gadpcochapata.gob.ec\/azuay\/wp-json\/wp\/v2\/users\/4"}],"replies":[{"embeddable":true,"href":"https:\/\/gadpcochapata.gob.ec\/azuay\/wp-json\/wp\/v2\/comments?post=1170"}],"version-history":[{"count":5,"href":"https:\/\/gadpcochapata.gob.ec\/azuay\/wp-json\/wp\/v2\/pages\/1170\/revisions"}],"predecessor-version":[{"id":1373,"href":"https:\/\/gadpcochapata.gob.ec\/azuay\/wp-json\/wp\/v2\/pages\/1170\/revisions\/1373"}],"wp:attachment":[{"href":"https:\/\/gadpcochapata.gob.ec\/azuay\/wp-json\/wp\/v2\/media?parent=1170"}],"wp:term":[{"taxonomy":"yst_prominent_words","embeddable":true,"href":"https:\/\/gadpcochapata.gob.ec\/azuay\/wp-json\/wp\/v2\/yst_prominent_words?post=1170"}],"curies":[{"name":"wp","href":"https:\/\/api.w.org\/{rel}","templated":true}]}}