{"id":1636,"date":"2024-01-02T05:56:52","date_gmt":"2024-01-02T09:56:52","guid":{"rendered":"https:\/\/gadpcochapata.gob.ec\/azuay\/?page_id=1636"},"modified":"2025-09-15T11:43:09","modified_gmt":"2025-09-15T15:43:09","slug":"rendicion-de-cuentas-2024","status":"publish","type":"page","link":"https:\/\/gadpcochapata.gob.ec\/azuay\/rendicion-de-cuentas-2024\/","title":{"rendered":"Rendici\u00f3n de Cuentas 2024"},"content":{"rendered":"<p><img loading=\"lazy\" decoding=\"async\" class=\"alignnone size-medium wp-image-2081\" src=\"https:\/\/gadpcochapata.gob.ec\/azuay\/wp-content\/uploads\/2025\/08\/WhatsApp-Image-2025-08-05-at-12.37.43-PM-3-550x413.jpeg\" alt=\"\" width=\"550\" height=\"413\" srcset=\"https:\/\/gadpcochapata.gob.ec\/azuay\/wp-content\/uploads\/2025\/08\/WhatsApp-Image-2025-08-05-at-12.37.43-PM-3-550x413.jpeg 550w, https:\/\/gadpcochapata.gob.ec\/azuay\/wp-content\/uploads\/2025\/08\/WhatsApp-Image-2025-08-05-at-12.37.43-PM-3-1024x768.jpeg 1024w, https:\/\/gadpcochapata.gob.ec\/azuay\/wp-content\/uploads\/2025\/08\/WhatsApp-Image-2025-08-05-at-12.37.43-PM-3-768x576.jpeg 768w, https:\/\/gadpcochapata.gob.ec\/azuay\/wp-content\/uploads\/2025\/08\/WhatsApp-Image-2025-08-05-at-12.37.43-PM-3-1536x1152.jpeg 1536w, https:\/\/gadpcochapata.gob.ec\/azuay\/wp-content\/uploads\/2025\/08\/WhatsApp-Image-2025-08-05-at-12.37.43-PM-3.jpeg 1600w\" sizes=\"auto, (max-width: 550px) 100vw, 550px\" \/><\/p>\n<p><em><span style=\"color: #99cc00;\"><strong>INVITACI\u00d3N A LA CIUDADAN\u00cdA<\/strong><\/span><\/em><\/p>\n<p><img loading=\"lazy\" decoding=\"async\" class=\"alignnone size-medium wp-image-2073\" src=\"https:\/\/gadpcochapata.gob.ec\/azuay\/wp-content\/uploads\/2025\/08\/WhatsApp-Image-2025-08-05-at-11.47.46-AM-1-1-550x309.jpeg\" alt=\"\" width=\"550\" height=\"309\" srcset=\"https:\/\/gadpcochapata.gob.ec\/azuay\/wp-content\/uploads\/2025\/08\/WhatsApp-Image-2025-08-05-at-11.47.46-AM-1-1-550x309.jpeg 550w, https:\/\/gadpcochapata.gob.ec\/azuay\/wp-content\/uploads\/2025\/08\/WhatsApp-Image-2025-08-05-at-11.47.46-AM-1-1-1024x576.jpeg 1024w, https:\/\/gadpcochapata.gob.ec\/azuay\/wp-content\/uploads\/2025\/08\/WhatsApp-Image-2025-08-05-at-11.47.46-AM-1-1-768x432.jpeg 768w, https:\/\/gadpcochapata.gob.ec\/azuay\/wp-content\/uploads\/2025\/08\/WhatsApp-Image-2025-08-05-at-11.47.46-AM-1-1-1536x864.jpeg 1536w, https:\/\/gadpcochapata.gob.ec\/azuay\/wp-content\/uploads\/2025\/08\/WhatsApp-Image-2025-08-05-at-11.47.46-AM-1-1.jpeg 1599w\" sizes=\"auto, (max-width: 550px) 100vw, 550px\" \/><\/p>\n<p><strong>Responsable:<\/strong>\u00a0Sra. Nelly Carmen Pati\u00f1o Quezada<\/p>\n<p><strong>PRESENTACI\u00d3N&#8212;- RENDICI\u00d3N DE CUENTAS EJERCICIO FISCAL 2024<\/strong><\/p>\n<p><a href=\"https:\/\/gadpcochapata.gob.ec\/azuay\/wp-content\/uploads\/2025\/07\/RENDICION-DE-CUENTAS-2024-2.pdf\">RENDICION DE CUENTAS 2024 (2)<\/a><\/p>\n<p><strong>CONSULTAS CIUDADANAS<\/strong><\/p>\n<p><a href=\"https:\/\/gadpcochapata.gob.ec\/azuay\/wp-content\/uploads\/2025\/08\/Consultas-ciudadanas-1.pdf\">Consultas ciudadanas<\/a><\/p>\n<p><strong>REGISTRO DE ASISTENCIA<\/strong><\/p>\n<p><a href=\"https:\/\/gadpcochapata.gob.ec\/azuay\/wp-content\/uploads\/2025\/08\/Registro-de-asistencia-rendicion-de-cuentas-2024.pdf\">Registro de asistencia rendici\u00f3n de cuentas 2024<\/a><\/p>\n<p><strong>REGISTRO FOTOGR\u00c1FICO<\/strong><\/p>\n<p><a href=\"https:\/\/gadpcochapata.gob.ec\/azuay\/wp-content\/uploads\/2025\/08\/REGISTRO-FOTOGRAFICO.pdf\">REGISTRO FOTOGR\u00c1FICO<\/a><\/p>\n<p><a href=\"https:\/\/www.facebook.com\/GADParroquialCochapata\/videos\/1769353700327873\">TRANSMISI\u00d3N EN VIVO<\/a><\/p>\n<p><strong>INVITACI\u00d3N A LA CIUDADAN\u00cdA\u00a0<\/strong><\/p>\n<p><a href=\"https:\/\/gadpcochapata.gob.ec\/azuay\/wp-content\/uploads\/2025\/08\/Invitacion-rendicion-de-cuentas-.pdf\">Invitaci\u00f3n rendici\u00f3n de cuentas<\/a><\/p>\n<p><strong>RECEPCI\u00d3N FORMULARIO RENDICI\u00d3N DE CUENTAS<\/strong><\/p>\n<p><a href=\"https:\/\/gadpcochapata.gob.ec\/azuay\/wp-content\/uploads\/2025\/08\/Recepcion-formulario-rendicion-de-cuentas.pdf\">Recepci\u00f3n formulario rendici\u00f3n de cuentas<\/a><\/p>\n<p><strong>FORMULARIO DE PREGUNTAS PARA LA CUDADAN\u00cdA<\/strong><\/p>\n<p><a href=\"https:\/\/gadpcochapata.gob.ec\/azuay\/wp-content\/uploads\/2025\/07\/FORMULARIO-DE-RENDICION-DE-CUENTAS.docx\">FORMULARIO DE RENDICION DE CUENTAS<\/a><\/p>\n<p><strong>ACTA RENDICI\u00d3N DE CUENTAS 2024<\/strong><\/p>\n<p><a href=\"https:\/\/gadpcochapata.gob.ec\/azuay\/wp-content\/uploads\/2025\/08\/Acta-rendicion-de-cuentas-2024-2.pdf\">Acta rendici\u00f3n de cuentas 2024 (2)<\/a><\/p>\n<p><strong>FORMULARIO RENDICION DE CUENTAS COCHPATA 2024<\/strong><\/p>\n<p><a href=\"https:\/\/gadpcochapata.gob.ec\/azuay\/wp-content\/uploads\/2025\/08\/INFORME-RENDICION-DE-CUENTAS-2024-COCHAPATA.pdf\">INFORME RENDICION DE CUENTAS 2024 COCHAPATA<\/a><\/p>\n<p><strong>INFORME ANUAL LOTAIP 2024<\/strong><\/p>\n<p><a href=\"https:\/\/gadpcochapata.gob.ec\/azuay\/wp-content\/uploads\/2025\/08\/GOBIERNO-AUTONOMO-DESCENTRALIZADO-PARROQUIAL-DE-COCHAPATA-Informe-Anual-2024.pdf\">GOBIERNO AUT\u00d3NOMO DESCENTRALIZADO PARROQUIAL DE COCHAPATA &#8211; Informe Anual 2024<\/a><\/p>\n<h1><strong>VOCALES<\/strong><\/h1>\n<h2><strong><em>Presidenta del GADPC<\/em><\/strong><\/h2>\n<p><strong>Responsable:<\/strong>\u00a0Sra. Nelly Carmen Pati\u00f1o Quezada<\/p>\n<p>FORMULARIO<\/p>\n<p><a href=\"https:\/\/gadpcochapata.gob.ec\/azuay\/wp-content\/uploads\/2025\/08\/FORMULARIO-RENDICION-2024-NELLY-PATINO.pdf\">FORMULARIO RENDICION 2024 NELLY PATI\u00d1O<\/a><\/p>\n<p><span style=\"color: #ff6600;\"><strong>COMISI\u00d3N DE MEDIO AMBIENTE Y SALUD<\/strong><\/span><\/p>\n<p><strong>Responsable:<\/strong> Sra. Katherine Roc\u00edo Carchi Quezada<\/p>\n<p>PRESENTACI\u00d3N<\/p>\n<p><a href=\"https:\/\/gadpcochapata.gob.ec\/azuay\/wp-content\/uploads\/2025\/07\/Presentacion-Diapositivas-Propuesta-Proyecto-Negocios-Organico-Naranja-y-Marron-1.pptx\">Presentaci\u00f3n Diapositivas Propuesta Proyecto Negocios Org\u00e1nico Naranja y Marr\u00f3n (1)<\/a><\/p>\n<p>FORMULARIO<\/p>\n<p><span style=\"color: #ff0000;\"><a href=\"https:\/\/gadpcochapata.gob.ec\/azuay\/wp-content\/uploads\/2025\/08\/FORMULARIO-RENDICION-KATHERINE-CARCHI-2024.pdf\">FORMULARIO RENDICION KATHERINE CARCHI 2024<\/a><\/span><\/p>\n<p><span style=\"color: #ff6600;\"><strong>COMISI\u00d3N DE ECON\u00d3MIA PRODUCTIVA Y TURISMO<\/strong><\/span><\/p>\n<p><strong>Responsable:<\/strong> Sra. Ladi Iliana Guanuchi Morocho<\/p>\n<p>PRESENTACI\u00d3N<\/p>\n<p><a href=\"https:\/\/gadpcochapata.gob.ec\/azuay\/wp-content\/uploads\/2025\/07\/RENDICION-DE-CUENTAS-COMPLETO.-2024-ladi.pdf\">RENDICI\u00d3N DE CUENTAS COMPLETO. 2024 ladi<\/a><\/p>\n<p>FORMULARIO<\/p>\n<p><a href=\"https:\/\/gadpcochapata.gob.ec\/azuay\/wp-content\/uploads\/2025\/08\/FORMULARIO-RENDICION-DE-CUENTAS-2024.pdf\">FORMULARIO RENDICION DE CUENTAS 2024<\/a><\/p>\n<p><strong><span style=\"color: #ff6600;\">COMISI\u00d3N ASENTAMIENTOS HUMANOS Y VIALIDAD<\/span><\/strong><\/p>\n<p><strong>Responsable:<\/strong> Sra. Carla Cristina Pati\u00f1o Chuni<\/p>\n<p>PRESENTACI\u00d3N<\/p>\n<p><a href=\"https:\/\/gadpcochapata.gob.ec\/azuay\/wp-content\/uploads\/2025\/09\/RENDICION-DE-CUENTAS-2024-CARLA-PATINIO.pptx\">RENDICION DE CUENTAS 2024 CARLA PATI\u00d1IO<\/a><\/p>\n<p>FORMULARIO<\/p>\n<p><span style=\"color: #ff0000;\"><a href=\"https:\/\/gadpcochapata.gob.ec\/azuay\/wp-content\/uploads\/2025\/08\/Rendicion-de-cuentas-2024.pdf\">Rendici\u00f3n de cuentas 2024<\/a><\/span><\/p>\n<p><strong><span style=\"color: #ff6600;\">COMISI\u00d3N SOCIO CULTURAL Y DEPORTES<\/span><\/strong><\/p>\n<p><strong>Responsable:<\/strong>Sr. \u00c1lvaro Xavier Poma Guanuche<\/p>\n<p>PRESENTACI\u00d3N<\/p>\n<p><a href=\"https:\/\/gadpcochapata.gob.ec\/azuay\/wp-content\/uploads\/2025\/08\/Presentacion-1.pptx\">Presentacio\u0301n<\/a><\/p>\n<p>FORMULARIO<\/p>\n<p><a href=\"https:\/\/gadpcochapata.gob.ec\/azuay\/wp-content\/uploads\/2025\/08\/FORMULARIO-RENDICION-2024-ALVARO-POMA.pdf\">FORMULARIO RENDICION 2024 ALVARO POMA<\/a><\/p>\n<p><strong>ESTADOS FINANCIEROS A\u00d1O 2024<\/strong><\/p>\n<p>ESTADOS<\/p>\n<p><a href=\"https:\/\/gadpcochapata.gob.ec\/azuay\/wp-content\/uploads\/2025\/08\/balancecomprobacion82011-signed-signed-signed.pdf\">balancecomprobacion82011-signed-signed-signed<\/a><\/p>\n<p><a href=\"https:\/\/gadpcochapata.gob.ec\/azuay\/wp-content\/uploads\/2025\/08\/cedulagastos2011-signed-signed-signed.pdf\">cedulagastos2011-signed-signed-signed<\/a><\/p>\n<p><a href=\"https:\/\/gadpcochapata.gob.ec\/azuay\/wp-content\/uploads\/2025\/08\/cedulaingresos2011-signed-signed-signed.pdf\">cedulaingresos2011-signed-signed-signed<\/a><\/p>\n<p><a href=\"https:\/\/gadpcochapata.gob.ec\/azuay\/wp-content\/uploads\/2025\/08\/ejecucionpresupuestaria2011-signed-signed-signed.pdf\">ejecucionpresupuestaria2011-signed-signed-signed<\/a><\/p>\n<p><a href=\"https:\/\/gadpcochapata.gob.ec\/azuay\/wp-content\/uploads\/2025\/08\/estadoresultados2011-signed-signed-signed.pdf\">estadoresultados2011-signed-signed-signed<\/a><\/p>\n<p><a href=\"https:\/\/gadpcochapata.gob.ec\/azuay\/wp-content\/uploads\/2025\/08\/flujoefectivo2011-signed-signed-signed.pdf\">flujoefectivo2011-signed-signed-signed<\/a><\/p>\n<p><a href=\"https:\/\/gadpcochapata.gob.ec\/azuay\/wp-content\/uploads\/2025\/08\/situacionfinanciera2011-signed-signed-signed.pdf\">situacionfinanciera2011-signed-signed-signed<\/a><\/p>\n<p>MAYORES<\/p>\n<p><a href=\"https:\/\/gadpcochapata.gob.ec\/azuay\/wp-content\/uploads\/2025\/08\/113.18.01.001.pdf\">113.18.01.001<\/a><\/p>\n<p><a href=\"https:\/\/gadpcochapata.gob.ec\/azuay\/wp-content\/uploads\/2025\/08\/213.58.01.001.pdf\">213.58.01.001<\/a><\/p>\n<p><a href=\"https:\/\/gadpcochapata.gob.ec\/azuay\/wp-content\/uploads\/2025\/08\/213.58.01.002.pdf\">213.58.01.002<\/a><\/p>\n<p><a href=\"https:\/\/gadpcochapata.gob.ec\/azuay\/wp-content\/uploads\/2025\/08\/213.58.01.003.pdf\">213.58.01.003<\/a><\/p>\n","protected":false},"excerpt":{"rendered":"<p>INVITACI\u00d3N A LA CIUDADAN\u00cdA Responsable:\u00a0Sra. Nelly Carmen Pati\u00f1o Quezada PRESENTACI\u00d3N&#8212;- RENDICI\u00d3N DE CUENTAS EJERCICIO FISCAL 2024 RENDICION DE CUENTAS 2024 (2) CONSULTAS CIUDADANAS Consultas ciudadanas REGISTRO DE ASISTENCIA Registro de asistencia rendici\u00f3n de cuentas 2024 REGISTRO FOTOGR\u00c1FICO REGISTRO FOTOGR\u00c1FICO TRANSMISI\u00d3N EN VIVO INVITACI\u00d3N A LA CIUDADAN\u00cdA\u00a0 Invitaci\u00f3n rendici\u00f3n de cuentas RECEPCI\u00d3N FORMULARIO RENDICI\u00d3N DE CUENTAS [&hellip;]<\/p>\n","protected":false},"author":4,"featured_media":0,"parent":0,"menu_order":0,"comment_status":"closed","ping_status":"closed","template":"","meta":{"footnotes":""},"yst_prominent_words":[193,191,192,190,189,200,195],"class_list":["post-1636","page","type-page","status-publish","hentry"],"_links":{"self":[{"href":"https:\/\/gadpcochapata.gob.ec\/azuay\/wp-json\/wp\/v2\/pages\/1636","targetHints":{"allow":["GET"]}}],"collection":[{"href":"https:\/\/gadpcochapata.gob.ec\/azuay\/wp-json\/wp\/v2\/pages"}],"about":[{"href":"https:\/\/gadpcochapata.gob.ec\/azuay\/wp-json\/wp\/v2\/types\/page"}],"author":[{"embeddable":true,"href":"https:\/\/gadpcochapata.gob.ec\/azuay\/wp-json\/wp\/v2\/users\/4"}],"replies":[{"embeddable":true,"href":"https:\/\/gadpcochapata.gob.ec\/azuay\/wp-json\/wp\/v2\/comments?post=1636"}],"version-history":[{"count":28,"href":"https:\/\/gadpcochapata.gob.ec\/azuay\/wp-json\/wp\/v2\/pages\/1636\/revisions"}],"predecessor-version":[{"id":2127,"href":"https:\/\/gadpcochapata.gob.ec\/azuay\/wp-json\/wp\/v2\/pages\/1636\/revisions\/2127"}],"wp:attachment":[{"href":"https:\/\/gadpcochapata.gob.ec\/azuay\/wp-json\/wp\/v2\/media?parent=1636"}],"wp:term":[{"taxonomy":"yst_prominent_words","embeddable":true,"href":"https:\/\/gadpcochapata.gob.ec\/azuay\/wp-json\/wp\/v2\/yst_prominent_words?post=1636"}],"curies":[{"name":"wp","href":"https:\/\/api.w.org\/{rel}","templated":true}]}}