{"id":683,"date":"2020-01-19T21:11:03","date_gmt":"2020-01-20T01:11:03","guid":{"rendered":"http:\/\/gadpcochapata.gob.ec\/azuay\/?page_id=683"},"modified":"2020-11-30T17:57:38","modified_gmt":"2020-11-30T21:57:38","slug":"rendicion-de-cuentas-2019","status":"publish","type":"page","link":"https:\/\/gadpcochapata.gob.ec\/azuay\/rendicion-de-cuentas-2019\/","title":{"rendered":"Rendici\u00f3n de Cuentas 2019"},"content":{"rendered":"<p><img loading=\"lazy\" decoding=\"async\" class=\"alignnone size-medium wp-image-1072 aligncenter\" src=\"https:\/\/gadpcochapata.gob.ec\/azuay\/wp-content\/uploads\/2020\/10\/Rendicion-de-cuentas-2019-550x412.png\" alt=\"\" width=\"550\" height=\"412\" srcset=\"https:\/\/gadpcochapata.gob.ec\/azuay\/wp-content\/uploads\/2020\/10\/Rendicion-de-cuentas-2019-550x412.png 550w, https:\/\/gadpcochapata.gob.ec\/azuay\/wp-content\/uploads\/2020\/10\/Rendicion-de-cuentas-2019-1024x767.png 1024w, https:\/\/gadpcochapata.gob.ec\/azuay\/wp-content\/uploads\/2020\/10\/Rendicion-de-cuentas-2019-768x576.png 768w, https:\/\/gadpcochapata.gob.ec\/azuay\/wp-content\/uploads\/2020\/10\/Rendicion-de-cuentas-2019.png 1153w\" sizes=\"auto, (max-width: 550px) 100vw, 550px\" \/><\/p>\n<h2><strong><em>Ejercicio fiscal 2019<\/em><\/strong><\/h2>\n<p><strong>Responsable:<\/strong> Sr. Jos\u00e9 Franklin Morocho Chuni<\/p>\n<p><a href=\"https:\/\/gadpcochapata.gob.ec\/azuay\/wp-content\/uploads\/2020\/10\/RENDICI\u00d3N-DE-CUENTAS-GADPC-2019.pdf\">RENDICI\u00d3N DE CUENTAS GADPC 2019<\/a><\/p>\n<p>Preguntas de la ciudadan\u00eda<\/p>\n<p><a href=\"https:\/\/gadpcochapata.gob.ec\/azuay\/wp-content\/uploads\/2020\/11\/Preguntas.pdf\">Preguntas<\/a><\/p>\n<p>FORMULARIO DE RENDICI\u00d3N DE CUENTAS<\/p>\n<p><a href=\"https:\/\/gadpcochapata.gob.ec\/azuay\/wp-content\/uploads\/2020\/11\/Rpt_GADS-1.pdf\">Rpt_GADS (1)<\/a><\/p>\n<p>&nbsp;<\/p>\n<h1><span style=\"color: #000000;\"><strong>VOCALES<\/strong><\/span><\/h1>\n<p>&nbsp;<\/p>\n<h2><strong><em>Comisi\u00f3n de Sociales<\/em><\/strong><\/h2>\n<p><strong>Responsable:<\/strong> Sra. Nelly Carmen Pati\u00f1o Quezada<\/p>\n<p><a href=\"https:\/\/gadpcochapata.gob.ec\/azuay\/wp-content\/uploads\/2020\/10\/Rendici\u00f3n-de-Cuentas-2019-Nelly-Pati\u00f1o.pdf\">Rendici\u00f3n de Cuentas 2019 Nelly Pati\u00f1o<\/a><\/p>\n<p>&nbsp;<\/p>\n<h2><strong><em>Comisi\u00f3n de Salud y Turismo<\/em><\/strong><\/h2>\n<p><strong>Responsable:<\/strong> Sr. Edgar Marcelo Sanmart\u00edn Quezada<\/p>\n<p><a href=\"https:\/\/gadpcochapata.gob.ec\/azuay\/wp-content\/uploads\/2020\/10\/Rendici\u00f3n-de-Cuentas-2019-Marcelo-Sanmart\u00edn.pdf\">Rendici\u00f3n de Cuentas 2019 Marcelo Sanmart\u00edn<\/a><\/p>\n<p>&nbsp;<\/p>\n<h2><strong><em>Comisi\u00f3n de Planificaci\u00f3n, Infraestructura y Fiscalizaci\u00f3n<\/em><\/strong><\/h2>\n<p><strong>Responsable:<\/strong> Sr. Miguel \u00c1ngel Chuni Ram\u00f3n<\/p>\n<p><a href=\"https:\/\/gadpcochapata.gob.ec\/azuay\/wp-content\/uploads\/2020\/10\/Rendici\u00f3n-de-Cuentas-2019-Miguel-Chuni.pdf\">Rendici\u00f3n de Cuentas 2019 Miguel Chuni<\/a><\/p>\n<p>&nbsp;<\/p>\n<h2><strong><em>Comisi\u00f3n de Desarrollo Econ\u00f3mico y Ambiente\u00a0<\/em><\/strong><\/h2>\n<p><strong>Responsable:<\/strong> Sr. Fredy Rolando Mendieta Chuni<\/p>\n<p><a href=\"https:\/\/gadpcochapata.gob.ec\/azuay\/wp-content\/uploads\/2020\/10\/Rendici\u00f3n-de-Cuentas-2019-Rolando-Mendieta.pdf\">Rendici\u00f3n de Cuentas 2019 Rolando Mendieta<\/a><\/p>\n<p>&nbsp;<\/p>\n","protected":false},"excerpt":{"rendered":"<p>Ejercicio fiscal 2019 Responsable: Sr. Jos\u00e9 Franklin Morocho Chuni RENDICI\u00d3N DE CUENTAS GADPC 2019 Preguntas de la ciudadan\u00eda Preguntas FORMULARIO DE RENDICI\u00d3N DE CUENTAS Rpt_GADS (1) &nbsp; VOCALES &nbsp; Comisi\u00f3n de Sociales Responsable: Sra. Nelly Carmen Pati\u00f1o Quezada Rendici\u00f3n de Cuentas 2019 Nelly Pati\u00f1o &nbsp; Comisi\u00f3n de Salud y Turismo Responsable: Sr. Edgar Marcelo Sanmart\u00edn [&hellip;]<\/p>\n","protected":false},"author":4,"featured_media":0,"parent":0,"menu_order":0,"comment_status":"closed","ping_status":"closed","template":"","meta":{"footnotes":""},"yst_prominent_words":[134,217,185,202,233,214,210,229,183,184,237,198,201,200,232,196,199,236,235,215],"class_list":["post-683","page","type-page","status-publish","hentry"],"_links":{"self":[{"href":"https:\/\/gadpcochapata.gob.ec\/azuay\/wp-json\/wp\/v2\/pages\/683","targetHints":{"allow":["GET"]}}],"collection":[{"href":"https:\/\/gadpcochapata.gob.ec\/azuay\/wp-json\/wp\/v2\/pages"}],"about":[{"href":"https:\/\/gadpcochapata.gob.ec\/azuay\/wp-json\/wp\/v2\/types\/page"}],"author":[{"embeddable":true,"href":"https:\/\/gadpcochapata.gob.ec\/azuay\/wp-json\/wp\/v2\/users\/4"}],"replies":[{"embeddable":true,"href":"https:\/\/gadpcochapata.gob.ec\/azuay\/wp-json\/wp\/v2\/comments?post=683"}],"version-history":[{"count":21,"href":"https:\/\/gadpcochapata.gob.ec\/azuay\/wp-json\/wp\/v2\/pages\/683\/revisions"}],"predecessor-version":[{"id":1081,"href":"https:\/\/gadpcochapata.gob.ec\/azuay\/wp-json\/wp\/v2\/pages\/683\/revisions\/1081"}],"wp:attachment":[{"href":"https:\/\/gadpcochapata.gob.ec\/azuay\/wp-json\/wp\/v2\/media?parent=683"}],"wp:term":[{"taxonomy":"yst_prominent_words","embeddable":true,"href":"https:\/\/gadpcochapata.gob.ec\/azuay\/wp-json\/wp\/v2\/yst_prominent_words?post=683"}],"curies":[{"name":"wp","href":"https:\/\/api.w.org\/{rel}","templated":true}]}}