{"id":729,"date":"2020-05-18T07:31:57","date_gmt":"2020-05-18T11:31:57","guid":{"rendered":"http:\/\/gadpcochapata.gob.ec\/azuay\/?page_id=729"},"modified":"2025-08-05T12:51:15","modified_gmt":"2025-08-05T16:51:15","slug":"pagina-oficial-del-gad-cochapata","status":"publish","type":"page","link":"https:\/\/gadpcochapata.gob.ec\/azuay\/","title":{"rendered":"P\u00e1gina Oficial del GAD Cochapata"},"content":{"rendered":"<p><strong>INVITACI\u00d3N A LA CIUDADAN\u00cdA RENDICI\u00d3N DE CUENTAS 2024<\/strong><\/p>\n<p><img loading=\"lazy\" decoding=\"async\" class=\"alignnone size-medium wp-image-2071\" src=\"https:\/\/gadpcochapata.gob.ec\/azuay\/wp-content\/uploads\/2025\/08\/WhatsApp-Image-2025-08-05-at-11.47.46-AM-1-550x309.jpeg\" alt=\"\" width=\"550\" height=\"309\" srcset=\"https:\/\/gadpcochapata.gob.ec\/azuay\/wp-content\/uploads\/2025\/08\/WhatsApp-Image-2025-08-05-at-11.47.46-AM-1-550x309.jpeg 550w, https:\/\/gadpcochapata.gob.ec\/azuay\/wp-content\/uploads\/2025\/08\/WhatsApp-Image-2025-08-05-at-11.47.46-AM-1-1024x576.jpeg 1024w, https:\/\/gadpcochapata.gob.ec\/azuay\/wp-content\/uploads\/2025\/08\/WhatsApp-Image-2025-08-05-at-11.47.46-AM-1-768x432.jpeg 768w, https:\/\/gadpcochapata.gob.ec\/azuay\/wp-content\/uploads\/2025\/08\/WhatsApp-Image-2025-08-05-at-11.47.46-AM-1-1536x864.jpeg 1536w, https:\/\/gadpcochapata.gob.ec\/azuay\/wp-content\/uploads\/2025\/08\/WhatsApp-Image-2025-08-05-at-11.47.46-AM-1.jpeg 1599w\" sizes=\"auto, (max-width: 550px) 100vw, 550px\" \/><\/p>\n<p><strong>INVITACI\u00d3N A LA CIUDADAN\u00cdA RENDICI\u00d3N DE CUENTAS 2023<\/strong><\/p>\n<p><img loading=\"lazy\" decoding=\"async\" class=\"alignnone size-medium wp-image-1887\" src=\"https:\/\/gadpcochapata.gob.ec\/azuay\/wp-content\/uploads\/2024\/06\/WhatsApp-Image-2024-06-27-at-9.13.42-AM-1-550x770.jpeg\" alt=\"\" width=\"550\" height=\"770\" srcset=\"https:\/\/gadpcochapata.gob.ec\/azuay\/wp-content\/uploads\/2024\/06\/WhatsApp-Image-2024-06-27-at-9.13.42-AM-1-550x770.jpeg 550w, https:\/\/gadpcochapata.gob.ec\/azuay\/wp-content\/uploads\/2024\/06\/WhatsApp-Image-2024-06-27-at-9.13.42-AM-1.jpeg 720w\" sizes=\"auto, (max-width: 550px) 100vw, 550px\" \/><img loading=\"lazy\" decoding=\"async\" class=\"wp-image-1723 alignleft\" src=\"https:\/\/gadpcochapata.gob.ec\/azuay\/wp-content\/uploads\/2024\/01\/0160031150001-550x388.jpeg\" alt=\"\" width=\"507\" height=\"357\" srcset=\"https:\/\/gadpcochapata.gob.ec\/azuay\/wp-content\/uploads\/2024\/01\/0160031150001-550x388.jpeg 550w, https:\/\/gadpcochapata.gob.ec\/azuay\/wp-content\/uploads\/2024\/01\/0160031150001-1024x723.jpeg 1024w, https:\/\/gadpcochapata.gob.ec\/azuay\/wp-content\/uploads\/2024\/01\/0160031150001-768x542.jpeg 768w, https:\/\/gadpcochapata.gob.ec\/azuay\/wp-content\/uploads\/2024\/01\/0160031150001.jpeg 1280w\" sizes=\"auto, (max-width: 507px) 100vw, 507px\" \/><\/p>\n<p><img loading=\"lazy\" decoding=\"async\" class=\"wp-image-1724 alignleft\" src=\"https:\/\/gadpcochapata.gob.ec\/azuay\/wp-content\/uploads\/2024\/01\/Azuay-0160031150001.jpeg\" alt=\"\" width=\"211\" height=\"344\" \/><\/p>\n<p>&nbsp;<\/p>\n<p>&nbsp;<\/p>\n<p>&nbsp;<\/p>\n<p>&nbsp;<\/p>\n<p>&nbsp;<\/p>\n<p>&nbsp;<\/p>\n<p>&nbsp;<\/p>\n<p>&nbsp;<\/p>\n<p>&nbsp;<\/p>\n<p>&nbsp;<\/p>\n[vc_row][vc_column width=\u00bb1\/2&#8243;][vc_column_text]<img loading=\"lazy\" decoding=\"async\" class=\"size-full wp-image-1359 aligncenter\" src=\"https:\/\/gadpcochapata.gob.ec\/azuay\/wp-content\/uploads\/2023\/07\/WhatsApp-Image-2023-07-28-at-10.53.02-AM-1.jpeg\" alt=\"\" width=\"445\" height=\"287\" \/>[\/vc_column_text][\/vc_column][vc_column width=\u00bb1\/2&#8243;][vc_empty_space height=\u00bb50px\u00bb][vc_column_text]<em>La Defensor\u00eda del Pueblo, con la finalidad de reconocer a las entidades que se encuentran obligadas a transparentar y garantizar el acceso a la informaci\u00f3n p\u00fablica, nos dio a conocer que el GAD permite contar con la Insignia anual de registro de catastro 2022, que debera ser incorporada en la p\u00e1gina web y las redes sociales. Insignia con la cual se valida que el GAD Parroquial de Cochapata se encuentra registrado en la base de datos del catastro defensorial constante en el aplicativo web \u00abMLOTAIP-Entidades\u00bb<\/em>[\/vc_column_text][\/vc_column][\/vc_row][vc_row bg_type=\u00bbbg_color\u00bb bg_color_value=\u00bb#f7f7f7&#8243; css=\u00bb.vc_custom_1581547090144{padding-top: 0px !important;padding-bottom: 0px !important;}\u00bb][vc_column css=\u00bb.vc_custom_1529671385255{background-position: center !important;background-repeat: no-repeat !important;background-size: cover !important;}\u00bb][vc_row_inner][vc_column_inner]<div id=\"ultimate-heading-216669dffdcb4e92e\" class=\"uvc-heading ult-adjust-bottom-margin ultimate-heading-216669dffdcb4e92e uvc-9372 accent-border-color\" data-hspacer=\"line_only\"  data-halign=\"center\" style=\"text-align:center\"><div class=\"uvc-main-heading ult-responsive\"  data-ultimate-target='.uvc-heading.ultimate-heading-216669dffdcb4e92e h2'  data-responsive-json-new='{\"font-size\":\"desktop:26px;\",\"line-height\":\"desktop:36px;\"}' ><h2 style=\"font-weight:normal;margin-bottom:15px;\">EN LINEA<\/h2><\/div><div class=\"uvc-heading-spacer line_only\" style=\"margin-bottom:60px;height:4px;\"><span class=\"uvc-headings-line\" style=\"border-style:solid;border-bottom-width:4px;border-color:#e33a2d;width:100px;\"><\/span><\/div><\/div>[\/vc_column_inner][\/vc_row_inner][vc_row_inner][vc_column_inner width=\u00bb1\/3&#8243;]<div class=\"ult-just-icon-wrapper  \"><div class=\"align-icon\" style=\"text-align:center;\">\n<div class=\"aio-icon none \" data-animation=\"swing\" data-animation-delay=\"03\" style=\"color:#ea841e;font-size:80px;display:inline-block;\">\n\t<i class=\"Defaults-bar-chart bar-chart-o\"><\/i>\n<\/div><\/div><\/div><div id=\"ultimate-heading-171869dffdcb4ea36\" class=\"uvc-heading ult-adjust-bottom-margin ultimate-heading-171869dffdcb4ea36 uvc-1419 \" data-hspacer=\"no_spacer\"  data-halign=\"center\" style=\"text-align:center\"><div class=\"uvc-heading-spacer no_spacer\" style=\"top\"><\/div><div class=\"uvc-main-heading ult-responsive\"  data-ultimate-target='.uvc-heading.ultimate-heading-171869dffdcb4ea36 h2'  data-responsive-json-new='{\"font-size\":\"desktop:26px;\",\"line-height\":\"desktop:36px;\"}' ><h2 style=\"font-weight:normal;margin-bottom:5px;\">Rendici\u00f3n de Cuentas<\/h2><\/div><div class=\"uvc-sub-heading ult-responsive\"  data-ultimate-target='.uvc-heading.ultimate-heading-171869dffdcb4ea36 .uvc-sub-heading '  data-responsive-json-new='{\"font-size\":\"\",\"line-height\":\"desktop:28px;\"}'  style=\"font-weight:normal;margin-bottom:20px;\">Informe anual sobre los trabajos y gesti\u00f3n realizada.<\/div><\/div><div class=\" ubtn-ctn-center \"><button type=\"button\" id=\"ubtn-5923\"  class=\"ubtn ult-adjust-bottom-margin ult-responsive ubtn-normal ubtn-fade-bg  ulta-float  ubtn-center   tooltip-69dffdcb4ea5a\"  data-hover=\"\" data-border-color=\"\" data-bg=\"#e0e0e0\" data-hover-bg=\"\" data-border-hover=\"\" data-shadow-hover=\"\" data-shadow-click=\"none\" data-shadow=\"\" data-shd-shadow=\"\"  data-ultimate-target='#ubtn-5923'  data-responsive-json-new='{\"font-size\":\"\",\"line-height\":\"\"}'  style=\"font-weight:normal;border:none;background: #e0e0e0;color: #000000;\"><span class=\"ubtn-hover\" style=\"background-color:\"><\/span><span class=\"ubtn-data ubtn-text \" >Descargar<\/span><\/button><\/div>[\/vc_column_inner][vc_column_inner width=\u00bb1\/3&#8243;]<div class=\"ult-just-icon-wrapper  \"><div class=\"align-icon\" style=\"text-align:center;\">\n<div class=\"aio-icon none \" data-animation=\"swing\" data-animation-delay=\"03\" style=\"color:#ea841e;font-size:80px;display:inline-block;\">\n\t<i class=\"Defaults-book\"><\/i>\n<\/div><\/div><\/div><div id=\"ultimate-heading-760769dffdcb4ea99\" class=\"uvc-heading ult-adjust-bottom-margin ultimate-heading-760769dffdcb4ea99 uvc-9525 \" data-hspacer=\"no_spacer\"  data-halign=\"center\" style=\"text-align:center\"><div class=\"uvc-heading-spacer no_spacer\" style=\"top\"><\/div><div class=\"uvc-main-heading ult-responsive\"  data-ultimate-target='.uvc-heading.ultimate-heading-760769dffdcb4ea99 h2'  data-responsive-json-new='{\"font-size\":\"desktop:26px;\",\"line-height\":\"desktop:36px;\"}' ><h2 style=\"font-weight:normal;margin-bottom:5px;\">PDOT<\/h2><\/div><div class=\"uvc-sub-heading ult-responsive\"  data-ultimate-target='.uvc-heading.ultimate-heading-760769dffdcb4ea99 .uvc-sub-heading '  data-responsive-json-new='{\"font-size\":\"\",\"line-height\":\"desktop:28px;\"}'  style=\"font-weight:normal;margin-bottom:20px;\">Descargar el documento del Plan de ordenamiento Territorial.<\/div><\/div><div class=\" ubtn-ctn-center \"><a class=\"ubtn-link ult-adjust-bottom-margin ubtn-center ubtn-normal \" href=\"https:\/\/gadpcochapata.gob.ec\/azuay\/wp-content\/uploads\/2022\/02\/PDOT_-GAD-Parroquial-Cochapata_compressed.pdf\" target=\"_blank\" rel=\"noopener\" ><button type=\"button\" id=\"ubtn-4461\"  class=\"ubtn ult-adjust-bottom-margin ult-responsive ubtn-normal ubtn-fade-bg  ulta-float  ubtn-center   tooltip-69dffdcb4eabb\"  data-hover=\"\" data-border-color=\"\" data-bg=\"#e0e0e0\" data-hover-bg=\"\" data-border-hover=\"\" data-shadow-hover=\"\" data-shadow-click=\"none\" data-shadow=\"\" data-shd-shadow=\"\"  data-ultimate-target='#ubtn-4461'  data-responsive-json-new='{\"font-size\":\"\",\"line-height\":\"\"}'  style=\"font-weight:normal;border:none;background: #e0e0e0;color: #000000;\"><span class=\"ubtn-hover\" style=\"background-color:\"><\/span><span class=\"ubtn-data ubtn-text \" >Descargar<\/span><\/button><\/a><\/div>[\/vc_column_inner][vc_column_inner width=\u00bb1\/3&#8243;]<div class=\"ult-just-icon-wrapper  \"><div class=\"align-icon\" style=\"text-align:center;\">\n<div class=\"aio-icon none \" data-animation=\"swing\" data-animation-delay=\"03\" style=\"color:#ea841e;font-size:80px;display:inline-block;\">\n\t<i class=\"Defaults-camera-retro\"><\/i>\n<\/div><\/div><\/div><div id=\"ultimate-heading-656869dffdcb4eafe\" class=\"uvc-heading ult-adjust-bottom-margin ultimate-heading-656869dffdcb4eafe uvc-9356 \" data-hspacer=\"no_spacer\"  data-halign=\"center\" style=\"text-align:center\"><div class=\"uvc-heading-spacer no_spacer\" style=\"top\"><\/div><div class=\"uvc-main-heading ult-responsive\"  data-ultimate-target='.uvc-heading.ultimate-heading-656869dffdcb4eafe h2'  data-responsive-json-new='{\"font-size\":\"desktop:26px;\",\"line-height\":\"desktop:36px;\"}' ><h2 style=\"font-weight:normal;margin-bottom:5px;\">Turismo<\/h2><\/div><div class=\"uvc-sub-heading ult-responsive\"  data-ultimate-target='.uvc-heading.ultimate-heading-656869dffdcb4eafe .uvc-sub-heading '  data-responsive-json-new='{\"font-size\":\"\",\"line-height\":\"desktop:28px;\"}'  style=\"font-weight:normal;margin-bottom:20px;\">Conoce sobre los atractivos tur\u00edsticos de nuestra parroquia.<\/div><\/div><div class=\" ubtn-ctn-center \"><button type=\"button\" id=\"ubtn-9469\"  class=\"ubtn ult-adjust-bottom-margin ult-responsive ubtn-normal ubtn-fade-bg  ulta-float  ubtn-center   tooltip-69dffdcb4eb19\"  data-hover=\"\" data-border-color=\"\" data-bg=\"#e0e0e0\" data-hover-bg=\"\" data-border-hover=\"\" data-shadow-hover=\"\" data-shadow-click=\"none\" data-shadow=\"\" data-shd-shadow=\"\"  data-ultimate-target='#ubtn-9469'  data-responsive-json-new='{\"font-size\":\"\",\"line-height\":\"\"}'  style=\"font-weight:normal;border:none;background: #e0e0e0;color: #000000;\"><span class=\"ubtn-hover\" style=\"background-color:\"><\/span><span class=\"ubtn-data ubtn-text \" >Ir a Turismo<\/span><\/button><\/div>[\/vc_column_inner][\/vc_row_inner][vc_column_inner][\/vc_column_inner][\/vc_column][\/vc_row][vc_row bg_type=\u00bbimage\u00bb parallax_style=\u00bbvcpb-vz-jquery\u00bb bg_image_new=\u00bbid^756|url^http:\/\/gadpcochapata.gob.ec\/azuay\/wp-content\/uploads\/2020\/05\/WhatsApp-Image-2020-05-16-at-23.28.50-1.jpeg|caption^null|alt^null|title^WhatsApp Image 2020-05-16 at 23.28.50 (1)|description^null\u00bb bg_image_repeat=\u00bbno-repeat\u00bb enable_overlay=\u00bbenable_overlay_value\u00bb overlay_color=\u00bbrgba(0,0,0,0.26)\u00bb css=\u00bb.vc_custom_1595870483003{padding-top: 80px !important;padding-bottom: 80px !important;}\u00bb][vc_column]<div id=\"ultimate-heading-46169dffdcb4eb3d\" class=\"uvc-heading ult-adjust-bottom-margin ultimate-heading-46169dffdcb4eb3d uvc-4641 accent-border-color\" data-hspacer=\"line_only\"  data-halign=\"center\" style=\"text-align:center\"><div class=\"uvc-main-heading ult-responsive\"  data-ultimate-target='.uvc-heading.ultimate-heading-46169dffdcb4eb3d h2'  data-responsive-json-new='{\"font-size\":\"desktop:40px;\",\"line-height\":\"desktop:50px;\"}' ><h2 style=\"font-weight:normal;color:#ffffff;margin-bottom:15px;\">Turismo en Cochapata<\/h2><\/div><div class=\"uvc-heading-spacer line_only\" style=\"margin-bottom:60px;height:4px;\"><span class=\"uvc-headings-line\" style=\"border-style:solid;border-bottom-width:4px;border-color:#e33a2d;width:100px;\"><\/span><\/div><\/div><div class=\" ubtn-ctn-center \"><a class=\"ubtn-link ult-adjust-bottom-margin ubtn-center ubtn-normal \" href=\"http:\/\/\" ><button type=\"button\" id=\"ubtn-2437\"  class=\"ubtn ult-adjust-bottom-margin ult-responsive ubtn-normal ubtn-fade-bg  ulta-pulse-grow  ubtn-center   tooltip-69dffdcb4eb57\"  data-hover=\"\" data-border-color=\"#dd9933\" data-bg=\"#e0e0e0\" data-hover-bg=\"\" data-border-hover=\"\" data-shadow-hover=\"\" data-shadow-click=\"none\" data-shadow=\"\" data-shd-shadow=\"\"  data-ultimate-target='#ubtn-2437'  data-responsive-json-new='{\"font-size\":\"\",\"line-height\":\"\"}'  style=\"font-weight:normal;border-radius:3px;border-width:1px;border-color:#dd9933;border-style:solid;background: #e0e0e0;color: #000000;\"><span class=\"ubtn-hover\" style=\"background-color:\"><\/span><span class=\"ubtn-data ubtn-text \" >Ir a Turismo<\/span><\/button><\/a><\/div>[\/vc_column][\/vc_row][vc_row][vc_column]<div id=\"ultimate-heading-247369dffdcb4eb82\" class=\"uvc-heading ult-adjust-bottom-margin ultimate-heading-247369dffdcb4eb82 uvc-8778 accent-border-color\" data-hspacer=\"line_only\"  data-halign=\"center\" style=\"text-align:center\"><div class=\"uvc-main-heading ult-responsive\"  data-ultimate-target='.uvc-heading.ultimate-heading-247369dffdcb4eb82 h2'  data-responsive-json-new='{\"font-size\":\"desktop:26px;\",\"line-height\":\"desktop:36px;\"}' ><h2 style=\"font-weight:normal;margin-bottom:15px;\">PRESIDENTA DEL GAD PARROQUIAL COCHAPATA<\/h2><\/div><div class=\"uvc-heading-spacer line_only\" style=\"margin-bottom:60px;height:4px;\"><span class=\"uvc-headings-line\" style=\"border-style:solid;border-bottom-width:4px;border-color:#e33a2d;width:100px;\"><\/span><\/div><\/div>[vc_row_inner][vc_column_inner width=\u00bb1\/2&#8243;]\n<p><img loading=\"lazy\" decoding=\"async\" class=\"aligncenter wp-image-1366\" src=\"https:\/\/gadpcochapata.gob.ec\/azuay\/wp-content\/uploads\/2023\/08\/WhatsApp-Image-2023-08-01-at-11.22.17-360x800.jpeg\" alt=\"\" width=\"316\" height=\"702\" srcset=\"https:\/\/gadpcochapata.gob.ec\/azuay\/wp-content\/uploads\/2023\/08\/WhatsApp-Image-2023-08-01-at-11.22.17-360x800.jpeg 360w, https:\/\/gadpcochapata.gob.ec\/azuay\/wp-content\/uploads\/2023\/08\/WhatsApp-Image-2023-08-01-at-11.22.17-461x1024.jpeg 461w, https:\/\/gadpcochapata.gob.ec\/azuay\/wp-content\/uploads\/2023\/08\/WhatsApp-Image-2023-08-01-at-11.22.17.jpeg 576w\" sizes=\"auto, (max-width: 316px) 100vw, 316px\" \/><div id=\"ultimate-heading-696269dffdcb4eb9a\" class=\"uvc-heading ult-adjust-bottom-margin ultimate-heading-696269dffdcb4eb9a uvc-658 \" data-hspacer=\"no_spacer\"  data-halign=\"center\" style=\"text-align:center\"><div class=\"uvc-heading-spacer no_spacer\" style=\"top\"><\/div><div class=\"uvc-main-heading ult-responsive\"  data-ultimate-target='.uvc-heading.ultimate-heading-696269dffdcb4eb9a h2'  data-responsive-json-new='{\"font-size\":\"desktop:26px;\",\"line-height\":\"desktop:36px;\"}' ><h2 style=\"font-weight:normal;margin-bottom:5px;\"> Sra. Nelly Carmen Pati\u00f1o Quezada<\/h2><\/div><div class=\"uvc-sub-heading ult-responsive\"  data-ultimate-target='.uvc-heading.ultimate-heading-696269dffdcb4eb9a .uvc-sub-heading '  data-responsive-json-new='{\"font-size\":\"\",\"line-height\":\"desktop:28px;\"}'  style=\"font-weight:normal;margin-bottom:20px;\">\n<p>&nbsp;<\/p>\n<\/div><\/div>[\/vc_column_inner][vc_column_inner width=\u00bb1\/2&#8243;][vc_empty_space height=\u00bb42px\u00bb][vc_column_text]\n<div><\/div>\n<div><\/div>\n<div><\/div>\n<blockquote>\n<h4>Queridos ciudadanos Cochapatences<\/h4>\n<h4>Un saludo fraterno a todo mi pueblo de Cochapata, tierra de gente unida y trabajadora. Es la tierra del rico tequila, fresas, cuyes, horchatas, cereales, ganader\u00eda y agricultura. Hermosa por sus bellos parajes y sitios arqueol\u00f3gicos legados del Inca-Ca\u00f1ari.<\/h4>\n<h4 style=\"text-align: center;\">\u00a1Haremos historia!<\/h4>\n<h4><\/h4>\n<\/blockquote>\n[\/vc_column_text][\/vc_column_inner][\/vc_row_inner][\/vc_column][\/vc_row]\n","protected":false},"excerpt":{"rendered":"<p>INVITACI\u00d3N A LA CIUDADAN\u00cdA RENDICI\u00d3N DE CUENTAS 2024 INVITACI\u00d3N A LA CIUDADAN\u00cdA RENDICI\u00d3N DE CUENTAS 2023 &nbsp; &nbsp; &nbsp; &nbsp; &nbsp; &nbsp; &nbsp; &nbsp; &nbsp; &nbsp; [vc_row][vc_column width=\u00bb1\/2&#8243;][vc_column_text][\/vc_column_text][\/vc_column][vc_column width=\u00bb1\/2&#8243;][vc_empty_space height=\u00bb50px\u00bb][vc_column_text]La Defensor\u00eda del Pueblo, con la finalidad de reconocer a las entidades que se encuentran obligadas a transparentar y garantizar el acceso a la informaci\u00f3n p\u00fablica, [&hellip;]<\/p>\n","protected":false},"author":4,"featured_media":0,"parent":0,"menu_order":0,"comment_status":"closed","ping_status":"closed","template":"","meta":{"footnotes":""},"yst_prominent_words":[202,201,200],"class_list":["post-729","page","type-page","status-publish","hentry"],"_links":{"self":[{"href":"https:\/\/gadpcochapata.gob.ec\/azuay\/wp-json\/wp\/v2\/pages\/729","targetHints":{"allow":["GET"]}}],"collection":[{"href":"https:\/\/gadpcochapata.gob.ec\/azuay\/wp-json\/wp\/v2\/pages"}],"about":[{"href":"https:\/\/gadpcochapata.gob.ec\/azuay\/wp-json\/wp\/v2\/types\/page"}],"author":[{"embeddable":true,"href":"https:\/\/gadpcochapata.gob.ec\/azuay\/wp-json\/wp\/v2\/users\/4"}],"replies":[{"embeddable":true,"href":"https:\/\/gadpcochapata.gob.ec\/azuay\/wp-json\/wp\/v2\/comments?post=729"}],"version-history":[{"count":36,"href":"https:\/\/gadpcochapata.gob.ec\/azuay\/wp-json\/wp\/v2\/pages\/729\/revisions"}],"predecessor-version":[{"id":1392,"href":"https:\/\/gadpcochapata.gob.ec\/azuay\/wp-json\/wp\/v2\/pages\/729\/revisions\/1392"}],"wp:attachment":[{"href":"https:\/\/gadpcochapata.gob.ec\/azuay\/wp-json\/wp\/v2\/media?parent=729"}],"wp:term":[{"taxonomy":"yst_prominent_words","embeddable":true,"href":"https:\/\/gadpcochapata.gob.ec\/azuay\/wp-json\/wp\/v2\/yst_prominent_words?post=729"}],"curies":[{"name":"wp","href":"https:\/\/api.w.org\/{rel}","templated":true}]}}